{"id":165,"date":"2025-11-17T23:26:03","date_gmt":"2025-11-17T22:26:03","guid":{"rendered":"https:\/\/www.lesvallondessonores.fr\/?page_id=165"},"modified":"2025-11-17T23:46:42","modified_gmt":"2025-11-17T22:46:42","slug":"nous","status":"publish","type":"page","link":"https:\/\/www.lesvallondessonores.fr\/index.php\/nous\/","title":{"rendered":"nous"},"content":{"rendered":"\n<div class=\"wp-block-group alignwide has-global-padding is-layout-constrained wp-block-group-is-layout-constrained\">\n<div class=\"wp-block-columns alignwide is-layout-flex wp-container-core-columns-is-layout-28f84493 wp-block-columns-is-layout-flex\">\n<div class=\"wp-block-column is-layout-flow wp-block-column-is-layout-flow\" style=\"flex-basis:33.33%\">\n<figure class=\"wp-block-image size-large\"><img loading=\"lazy\" decoding=\"async\" width=\"768\" height=\"1024\" src=\"https:\/\/www.lesvallondessonores.fr\/wp-content\/uploads\/2025\/11\/Retour-en-image-sur-cette-magnifique-soiree-\ud83e\udef6\ud83c\udffc\ud83d\udcf8-@tom_vellard_altitudebirding-4-768x1024.jpg\" alt=\"\" class=\"wp-image-168\" srcset=\"https:\/\/www.lesvallondessonores.fr\/wp-content\/uploads\/2025\/11\/Retour-en-image-sur-cette-magnifique-soiree-\ud83e\udef6\ud83c\udffc\ud83d\udcf8-@tom_vellard_altitudebirding-4-768x1024.jpg 768w, https:\/\/www.lesvallondessonores.fr\/wp-content\/uploads\/2025\/11\/Retour-en-image-sur-cette-magnifique-soiree-\ud83e\udef6\ud83c\udffc\ud83d\udcf8-@tom_vellard_altitudebirding-4-225x300.jpg 225w, https:\/\/www.lesvallondessonores.fr\/wp-content\/uploads\/2025\/11\/Retour-en-image-sur-cette-magnifique-soiree-\ud83e\udef6\ud83c\udffc\ud83d\udcf8-@tom_vellard_altitudebirding-4.jpg 928w\" sizes=\"auto, (max-width: 768px) 100vw, 768px\" \/><\/figure>\n<\/div>\n\n\n\n<div class=\"wp-block-column is-layout-flow wp-block-column-is-layout-flow\"><\/div>\n\n\n\n<div class=\"wp-block-column is-style-mobile-hide is-layout-flow wp-block-column-is-layout-flow\" style=\"flex-basis:66.66%\">\n<div style=\"height:146px\" aria-hidden=\"true\" class=\"wp-block-spacer\"><\/div>\n\n\n\n<h2 class=\"wp-block-heading\">Notre mission<\/h2>\n\n\n\n<p>Promouvoir l\u2019acc\u00e8s \u00e0 la musique pour tous, encourager la cr\u00e9ation locale et soutenir les initiatives \u00e9mergentes.<br>Nous organisons des <strong>concerts<\/strong>, <strong>\u00e9v\u00e9nements<\/strong>, <strong>ateliers<\/strong>, <strong>r\u00e9sidences artistiques<\/strong>, ainsi que des <strong>actions p\u00e9dagogiques<\/strong> pour tous les publics.<\/p>\n<\/div>\n<\/div>\n<\/div>\n\n\n\n<div class=\"wp-block-group alignwide has-global-padding is-layout-constrained wp-block-group-is-layout-constrained\">\n<div class=\"wp-block-columns alignwide is-layout-flex wp-container-core-columns-is-layout-28f84493 wp-block-columns-is-layout-flex\">\n<div class=\"wp-block-column is-vertically-aligned-center is-layout-flow wp-block-column-is-layout-flow\" style=\"flex-basis:66.66%\">\n<h2 class=\"wp-block-heading has-text-align-center\">Ce que nous faisons<\/h2>\n\n\n\n<ul class=\"wp-block-list aligncenter\">\n<li><strong>Organisation d\u2019\u00e9v\u00e9nements musicaux<\/strong><\/li>\n\n\n\n<li><strong>Accompagnement de projets artistiques<\/strong><\/li>\n\n\n\n<li><strong>Ateliers et actions culturelles<\/strong><\/li>\n\n\n\n<li><strong>Rencontres et collaborations entre artistes<\/strong><\/li>\n\n\n\n<li><strong>Mise en valeur des talents locaux<\/strong><\/li>\n<\/ul>\n<\/div>\n\n\n\n<div class=\"wp-block-column is-layout-flow wp-block-column-is-layout-flow\"><\/div>\n\n\n\n<div class=\"wp-block-column is-layout-flow wp-block-column-is-layout-flow\" style=\"flex-basis:33.33%\">\n<figure class=\"wp-block-image size-large\"><img loading=\"lazy\" decoding=\"async\" width=\"772\" height=\"1024\" src=\"https:\/\/www.lesvallondessonores.fr\/wp-content\/uploads\/2025\/11\/Retour-en-image-sur-cette-magnifique-soiree-\ud83e\udef6\ud83c\udffc\ud83d\udcf8-@tom_vellard_altitudebirding-5-772x1024.jpg\" alt=\"\" class=\"wp-image-169\" srcset=\"https:\/\/www.lesvallondessonores.fr\/wp-content\/uploads\/2025\/11\/Retour-en-image-sur-cette-magnifique-soiree-\ud83e\udef6\ud83c\udffc\ud83d\udcf8-@tom_vellard_altitudebirding-5-772x1024.jpg 772w, https:\/\/www.lesvallondessonores.fr\/wp-content\/uploads\/2025\/11\/Retour-en-image-sur-cette-magnifique-soiree-\ud83e\udef6\ud83c\udffc\ud83d\udcf8-@tom_vellard_altitudebirding-5-226x300.jpg 226w, https:\/\/www.lesvallondessonores.fr\/wp-content\/uploads\/2025\/11\/Retour-en-image-sur-cette-magnifique-soiree-\ud83e\udef6\ud83c\udffc\ud83d\udcf8-@tom_vellard_altitudebirding-5-768x1018.jpg 768w, https:\/\/www.lesvallondessonores.fr\/wp-content\/uploads\/2025\/11\/Retour-en-image-sur-cette-magnifique-soiree-\ud83e\udef6\ud83c\udffc\ud83d\udcf8-@tom_vellard_altitudebirding-5.jpg 1080w\" sizes=\"auto, (max-width: 772px) 100vw, 772px\" \/><\/figure>\n<\/div>\n<\/div>\n<\/div>\n\n\n\n<div class=\"wp-block-group alignwide has-global-padding is-layout-constrained wp-block-group-is-layout-constrained\">\n<div class=\"wp-block-columns alignwide is-layout-flex wp-container-core-columns-is-layout-28f84493 wp-block-columns-is-layout-flex\">\n<div class=\"wp-block-column is-layout-flow wp-block-column-is-layout-flow\" style=\"flex-basis:33.33%\">\n<figure class=\"wp-block-image size-large\"><img loading=\"lazy\" decoding=\"async\" width=\"772\" height=\"1024\" src=\"https:\/\/www.lesvallondessonores.fr\/wp-content\/uploads\/2025\/11\/Retour-en-image-sur-cette-magnifique-soiree-\ud83e\udef6\ud83c\udffc\ud83d\udcf8-@tom_vellard_altitudebirding-9-772x1024.jpg\" alt=\"\" class=\"wp-image-172\" srcset=\"https:\/\/www.lesvallondessonores.fr\/wp-content\/uploads\/2025\/11\/Retour-en-image-sur-cette-magnifique-soiree-\ud83e\udef6\ud83c\udffc\ud83d\udcf8-@tom_vellard_altitudebirding-9-772x1024.jpg 772w, https:\/\/www.lesvallondessonores.fr\/wp-content\/uploads\/2025\/11\/Retour-en-image-sur-cette-magnifique-soiree-\ud83e\udef6\ud83c\udffc\ud83d\udcf8-@tom_vellard_altitudebirding-9-226x300.jpg 226w, https:\/\/www.lesvallondessonores.fr\/wp-content\/uploads\/2025\/11\/Retour-en-image-sur-cette-magnifique-soiree-\ud83e\udef6\ud83c\udffc\ud83d\udcf8-@tom_vellard_altitudebirding-9-768x1018.jpg 768w, https:\/\/www.lesvallondessonores.fr\/wp-content\/uploads\/2025\/11\/Retour-en-image-sur-cette-magnifique-soiree-\ud83e\udef6\ud83c\udffc\ud83d\udcf8-@tom_vellard_altitudebirding-9.jpg 1080w\" sizes=\"auto, (max-width: 772px) 100vw, 772px\" \/><\/figure>\n<\/div>\n\n\n\n<div class=\"wp-block-column is-vertically-aligned-center is-layout-flow wp-block-column-is-layout-flow\" style=\"flex-basis:66.66%\">\n<h2 class=\"wp-block-heading has-text-align-center\">Nos valeurs<\/h2>\n\n\n\n<ul class=\"wp-block-list aligncenter\">\n<li><strong>Partage<\/strong> : la musique comme lien entre les personnes<\/li>\n\n\n\n<li><strong>Cr\u00e9ativit\u00e9<\/strong> : encourager l\u2019expression et l\u2019innovation<\/li>\n\n\n\n<li><strong>Ouverture<\/strong> : accueillir toutes les pratiques et tous les publics<\/li>\n\n\n\n<li><strong>Territoire<\/strong> : faire r\u00e9sonner l\u2019\u00e9nergie locale<\/li>\n<\/ul>\n<\/div>\n<\/div>\n<\/div>\n\n\n\n<div class=\"wp-block-group alignwide has-global-padding is-layout-constrained wp-block-group-is-layout-constrained\">\n<div class=\"wp-block-columns alignwide is-layout-flex wp-container-core-columns-is-layout-28f84493 wp-block-columns-is-layout-flex\">\n<div class=\"wp-block-column is-vertically-aligned-center is-layout-flow wp-block-column-is-layout-flow\" style=\"flex-basis:66.66%\">\n<h2 class=\"wp-block-heading has-text-align-center\">Rejoignez-nous !<\/h2>\n\n\n\n<p class=\"has-text-align-center\">Participer aux Vall\u2019Ondes Sonores, c\u2019est soutenir une dynamique culturelle vivante et inclusive, qui met le son, la musique et l\u2019humain au centre de chaque projet.<\/p>\n<\/div>\n\n\n\n<div class=\"wp-block-column is-layout-flow wp-block-column-is-layout-flow\" style=\"flex-basis:33.33%\">\n<figure class=\"wp-block-image size-large\"><img loading=\"lazy\" decoding=\"async\" width=\"772\" height=\"1024\" src=\"https:\/\/www.lesvallondessonores.fr\/wp-content\/uploads\/2025\/11\/Retour-en-image-sur-cette-magnifique-soiree-\ud83e\udef6\ud83c\udffc\ud83d\udcf8-@tom_vellard_altitudebirding-11-772x1024.jpg\" alt=\"\" class=\"wp-image-171\" srcset=\"https:\/\/www.lesvallondessonores.fr\/wp-content\/uploads\/2025\/11\/Retour-en-image-sur-cette-magnifique-soiree-\ud83e\udef6\ud83c\udffc\ud83d\udcf8-@tom_vellard_altitudebirding-11-772x1024.jpg 772w, https:\/\/www.lesvallondessonores.fr\/wp-content\/uploads\/2025\/11\/Retour-en-image-sur-cette-magnifique-soiree-\ud83e\udef6\ud83c\udffc\ud83d\udcf8-@tom_vellard_altitudebirding-11-226x300.jpg 226w, https:\/\/www.lesvallondessonores.fr\/wp-content\/uploads\/2025\/11\/Retour-en-image-sur-cette-magnifique-soiree-\ud83e\udef6\ud83c\udffc\ud83d\udcf8-@tom_vellard_altitudebirding-11-768x1018.jpg 768w, https:\/\/www.lesvallondessonores.fr\/wp-content\/uploads\/2025\/11\/Retour-en-image-sur-cette-magnifique-soiree-\ud83e\udef6\ud83c\udffc\ud83d\udcf8-@tom_vellard_altitudebirding-11.jpg 1080w\" sizes=\"auto, (max-width: 772px) 100vw, 772px\" \/><\/figure>\n<\/div>\n<\/div>\n<\/div>\n\n\n\n<div class=\"wp-block-group alignwide has-global-padding is-layout-constrained wp-block-group-is-layout-constrained\">\n<div class=\"wp-block-columns alignwide is-layout-flex wp-container-core-columns-is-layout-28f84493 wp-block-columns-is-layout-flex\">\n<div class=\"wp-block-column is-layout-flow wp-block-column-is-layout-flow\" style=\"flex-basis:25%\">\n<figure class=\"wp-block-image size-large\"><img loading=\"lazy\" decoding=\"async\" width=\"768\" height=\"1024\" src=\"https:\/\/www.lesvallondessonores.fr\/wp-content\/uploads\/2025\/11\/Retour-en-image-sur-cette-magnifique-soiree-\ud83e\udef6\ud83c\udffc\ud83d\udcf8-@tom_vellard_altitudebirding-8-768x1024.jpg\" alt=\"\" class=\"wp-image-174\" srcset=\"https:\/\/www.lesvallondessonores.fr\/wp-content\/uploads\/2025\/11\/Retour-en-image-sur-cette-magnifique-soiree-\ud83e\udef6\ud83c\udffc\ud83d\udcf8-@tom_vellard_altitudebirding-8-768x1024.jpg 768w, https:\/\/www.lesvallondessonores.fr\/wp-content\/uploads\/2025\/11\/Retour-en-image-sur-cette-magnifique-soiree-\ud83e\udef6\ud83c\udffc\ud83d\udcf8-@tom_vellard_altitudebirding-8-225x300.jpg 225w, https:\/\/www.lesvallondessonores.fr\/wp-content\/uploads\/2025\/11\/Retour-en-image-sur-cette-magnifique-soiree-\ud83e\udef6\ud83c\udffc\ud83d\udcf8-@tom_vellard_altitudebirding-8.jpg 928w\" sizes=\"auto, (max-width: 768px) 100vw, 768px\" \/><\/figure>\n<\/div>\n\n\n\n<div class=\"wp-block-column is-layout-flow wp-block-column-is-layout-flow\" style=\"flex-basis:50%\">\n<figure class=\"wp-block-image aligncenter size-large\"><img loading=\"lazy\" decoding=\"async\" width=\"1024\" height=\"769\" src=\"https:\/\/www.lesvallondessonores.fr\/wp-content\/uploads\/2025\/11\/FB_IMG_1750269403953-1024x769.jpg\" alt=\"\" class=\"wp-image-173\" srcset=\"https:\/\/www.lesvallondessonores.fr\/wp-content\/uploads\/2025\/11\/FB_IMG_1750269403953-1024x769.jpg 1024w, https:\/\/www.lesvallondessonores.fr\/wp-content\/uploads\/2025\/11\/FB_IMG_1750269403953-300x225.jpg 300w, https:\/\/www.lesvallondessonores.fr\/wp-content\/uploads\/2025\/11\/FB_IMG_1750269403953-768x577.jpg 768w, https:\/\/www.lesvallondessonores.fr\/wp-content\/uploads\/2025\/11\/FB_IMG_1750269403953.jpg 1170w\" sizes=\"auto, (max-width: 1024px) 100vw, 1024px\" \/><\/figure>\n<\/div>\n\n\n\n<div class=\"wp-block-column is-layout-flow wp-block-column-is-layout-flow\" style=\"flex-basis:25%\">\n<figure class=\"wp-block-image size-large\"><img loading=\"lazy\" decoding=\"async\" width=\"768\" height=\"1024\" src=\"http:\/\/www.lesvallondessonores.fr\/wp-content\/uploads\/2025\/11\/Retour-en-image-sur-cette-magnifique-soiree-\ud83e\udef6\ud83c\udffc\ud83d\udcf8-@tom_vellard_altitudebirding-12-768x1024.jpg\" alt=\"\" class=\"wp-image-170\" srcset=\"https:\/\/www.lesvallondessonores.fr\/wp-content\/uploads\/2025\/11\/Retour-en-image-sur-cette-magnifique-soiree-\ud83e\udef6\ud83c\udffc\ud83d\udcf8-@tom_vellard_altitudebirding-12-768x1024.jpg 768w, https:\/\/www.lesvallondessonores.fr\/wp-content\/uploads\/2025\/11\/Retour-en-image-sur-cette-magnifique-soiree-\ud83e\udef6\ud83c\udffc\ud83d\udcf8-@tom_vellard_altitudebirding-12-225x300.jpg 225w, https:\/\/www.lesvallondessonores.fr\/wp-content\/uploads\/2025\/11\/Retour-en-image-sur-cette-magnifique-soiree-\ud83e\udef6\ud83c\udffc\ud83d\udcf8-@tom_vellard_altitudebirding-12.jpg 1066w\" sizes=\"auto, (max-width: 768px) 100vw, 768px\" \/><\/figure>\n<\/div>\n<\/div>\n<\/div>\n\n\n\n<div class=\"wp-block-columns is-layout-flex wp-container-core-columns-is-layout-28f84493 wp-block-columns-is-layout-flex\">\n<div class=\"wp-block-column is-layout-flow wp-block-column-is-layout-flow\"><\/div>\n<\/div>\n","protected":false},"excerpt":{"rendered":"<p>Notre mission Promouvoir l\u2019acc\u00e8s \u00e0 la musique pour tous, encourager la cr\u00e9ation locale et soutenir les initiatives \u00e9mergentes.Nous organisons des concerts, \u00e9v\u00e9nements, ateliers, r\u00e9sidences artistiques, ainsi que des actions p\u00e9dagogiques pour tous&hellip;<\/p>\n","protected":false},"author":1,"featured_media":0,"parent":0,"menu_order":0,"comment_status":"closed","ping_status":"closed","template":"","meta":{"_EventAllDay":false,"_EventTimezone":"","_EventStartDate":"","_EventEndDate":"","_EventStartDateUTC":"","_EventEndDateUTC":"","_EventShowMap":false,"_EventShowMapLink":false,"_EventURL":"","_EventCost":"","_EventCostDescription":"","_EventCurrencySymbol":"","_EventCurrencyCode":"","_EventCurrencyPosition":"","_EventDateTimeSeparator":"","_EventTimeRangeSeparator":"","_EventOrganizerID":[],"_EventVenueID":[],"_OrganizerEmail":"","_OrganizerPhone":"","_OrganizerWebsite":"","_VenueAddress":"","_VenueCity":"","_VenueCountry":"","_VenueProvince":"","_VenueState":"","_VenueZip":"","_VenuePhone":"","_VenueURL":"","_VenueStateProvince":"","_VenueLat":"","_VenueLng":"","_VenueShowMap":false,"_VenueShowMapLink":false,"footnotes":""},"class_list":["post-165","page","type-page","status-publish","hentry"],"_links":{"self":[{"href":"https:\/\/www.lesvallondessonores.fr\/index.php\/wp-json\/wp\/v2\/pages\/165","targetHints":{"allow":["GET"]}}],"collection":[{"href":"https:\/\/www.lesvallondessonores.fr\/index.php\/wp-json\/wp\/v2\/pages"}],"about":[{"href":"https:\/\/www.lesvallondessonores.fr\/index.php\/wp-json\/wp\/v2\/types\/page"}],"author":[{"embeddable":true,"href":"https:\/\/www.lesvallondessonores.fr\/index.php\/wp-json\/wp\/v2\/users\/1"}],"replies":[{"embeddable":true,"href":"https:\/\/www.lesvallondessonores.fr\/index.php\/wp-json\/wp\/v2\/comments?post=165"}],"version-history":[{"count":11,"href":"https:\/\/www.lesvallondessonores.fr\/index.php\/wp-json\/wp\/v2\/pages\/165\/revisions"}],"predecessor-version":[{"id":186,"href":"https:\/\/www.lesvallondessonores.fr\/index.php\/wp-json\/wp\/v2\/pages\/165\/revisions\/186"}],"wp:attachment":[{"href":"https:\/\/www.lesvallondessonores.fr\/index.php\/wp-json\/wp\/v2\/media?parent=165"}],"curies":[{"name":"wp","href":"https:\/\/api.w.org\/{rel}","templated":true}]}}